{"id":1153,"date":"2022-12-06T03:50:07","date_gmt":"2022-12-06T04:50:07","guid":{"rendered":"https:\/\/enaltemar.com\/?page_id=1153"},"modified":"2022-12-06T04:58:10","modified_gmt":"2022-12-06T05:58:10","slug":"cookiespolicy","status":"publish","type":"page","link":"https:\/\/enaltemar.com\/en\/cookiespolicy\/","title":{"rendered":"POL\u00cdTICA DE COOKIES"},"content":{"rendered":"<div data-elementor-type=\"wp-page\" data-elementor-id=\"1153\" class=\"elementor elementor-1153\">\n\t\t\t\t\t\t\t\t\t<section class=\"elementor-section elementor-top-section elementor-element elementor-element-e29bf97 elementor-section-full_width elementor-section-height-default elementor-section-height-default elementor-invisible\" data-id=\"e29bf97\" data-element_type=\"section\" data-settings=\"{&quot;background_background&quot;:&quot;classic&quot;,&quot;shape_divider_bottom&quot;:&quot;mountains&quot;,&quot;animation&quot;:&quot;fadeInDown&quot;,&quot;motion_fx_motion_fx_scrolling&quot;:&quot;yes&quot;,&quot;motion_fx_devices&quot;:[&quot;desktop&quot;,&quot;tablet&quot;,&quot;mobile&quot;]}\">\n\t\t\t\t\t<div class=\"elementor-shape elementor-shape-bottom\" data-negative=\"false\">\n\t\t\t<svg xmlns=\"http:\/\/www.w3.org\/2000\/svg\" viewbox=\"0 0 1000 100\" preserveaspectratio=\"none\">\n\t<path class=\"elementor-shape-fill\" opacity=\"0.33\" d=\"M473,67.3c-203.9,88.3-263.1-34-320.3,0C66,119.1,0,59.7,0,59.7V0h1000v59.7 c0,0-62.1,26.1-94.9,29.3c-32.8,3.3-62.8-12.3-75.8-22.1C806,49.6,745.3,8.7,694.9,4.7S492.4,59,473,67.3z\"\/>\n\t<path class=\"elementor-shape-fill\" opacity=\"0.66\" d=\"M734,67.3c-45.5,0-77.2-23.2-129.1-39.1c-28.6-8.7-150.3-10.1-254,39.1 s-91.7-34.4-149.2,0C115.7,118.3,0,39.8,0,39.8V0h1000v36.5c0,0-28.2-18.5-92.1-18.5C810.2,18.1,775.7,67.3,734,67.3z\"\/>\n\t<path class=\"elementor-shape-fill\" d=\"M766.1,28.9c-200-57.5-266,65.5-395.1,19.5C242,1.8,242,5.4,184.8,20.6C128,35.8,132.3,44.9,89.9,52.5C28.6,63.7,0,0,0,0 h1000c0,0-9.9,40.9-83.6,48.1S829.6,47,766.1,28.9z\"\/>\n<\/svg>\t\t<\/div>\n\t\t\t\t\t<div class=\"elementor-container elementor-column-gap-default\">\n\t\t\t\t\t<div class=\"elementor-column elementor-col-100 elementor-top-column elementor-element elementor-element-c0145bb\" data-id=\"c0145bb\" data-element_type=\"column\">\n\t\t\t<div class=\"elementor-widget-wrap elementor-element-populated\">\n\t\t\t\t\t\t\t\t<div class=\"elementor-element elementor-element-0a139e9 elementor-widget__width-inherit elementor-invisible elementor-widget elementor-widget-heading\" data-id=\"0a139e9\" data-element_type=\"widget\" data-settings=\"{&quot;_animation&quot;:&quot;fadeInDown&quot;,&quot;_animation_delay&quot;:500}\" data-widget_type=\"heading.default\">\n\t\t\t\t<div class=\"elementor-widget-container\">\n\t\t\t<style>\/*! elementor - v3.15.0 - 02-08-2023 *\/\n.elementor-heading-title{padding:0;margin:0;line-height:1}.elementor-widget-heading .elementor-heading-title[class*=elementor-size-]>a{color:inherit;font-size:inherit;line-height:inherit}.elementor-widget-heading .elementor-heading-title.elementor-size-small{font-size:15px}.elementor-widget-heading .elementor-heading-title.elementor-size-medium{font-size:19px}.elementor-widget-heading .elementor-heading-title.elementor-size-large{font-size:29px}.elementor-widget-heading .elementor-heading-title.elementor-size-xl{font-size:39px}.elementor-widget-heading .elementor-heading-title.elementor-size-xxl{font-size:59px}<\/style><h1 class=\"elementor-heading-title elementor-size-default\">Cookies Policy<\/h1>\t\t<\/div>\n\t\t\t\t<\/div>\n\t\t\t\t\t<\/div>\n\t\t<\/div>\n\t\t\t\t\t\t\t<\/div>\n\t\t<\/section>\n\t\t\t\t<section class=\"elementor-section elementor-top-section elementor-element elementor-element-7e0f4bd8 elementor-section-stretched elementor-section-boxed elementor-section-height-default elementor-section-height-default elementor-invisible\" data-id=\"7e0f4bd8\" data-element_type=\"section\" data-settings=\"{&quot;animation&quot;:&quot;fadeInUp&quot;,&quot;stretch_section&quot;:&quot;section-stretched&quot;}\">\n\t\t\t\t\t\t<div class=\"elementor-container elementor-column-gap-default\">\n\t\t\t\t\t<div class=\"elementor-column elementor-col-100 elementor-top-column elementor-element elementor-element-73fb7a5 elementor-invisible\" data-id=\"73fb7a5\" data-element_type=\"column\" data-settings=\"{&quot;animation&quot;:&quot;fadeInUp&quot;}\">\n\t\t\t<div class=\"elementor-widget-wrap elementor-element-populated\">\n\t\t\t\t\t\t\t\t<div class=\"elementor-element elementor-element-c1a9be5 elementor-widget elementor-widget-text-editor\" data-id=\"c1a9be5\" data-element_type=\"widget\" data-widget_type=\"text-editor.default\">\n\t\t\t\t<div class=\"elementor-widget-container\">\n\t\t\t<style>\/*! elementor - v3.15.0 - 02-08-2023 *\/\n.elementor-widget-text-editor.elementor-drop-cap-view-stacked .elementor-drop-cap{background-color:#69727d;color:#fff}.elementor-widget-text-editor.elementor-drop-cap-view-framed .elementor-drop-cap{color:#69727d;border:3px solid;background-color:transparent}.elementor-widget-text-editor:not(.elementor-drop-cap-view-default) .elementor-drop-cap{margin-top:8px}.elementor-widget-text-editor:not(.elementor-drop-cap-view-default) .elementor-drop-cap-letter{width:1em;height:1em}.elementor-widget-text-editor .elementor-drop-cap{float:left;text-align:center;line-height:1;font-size:50px}.elementor-widget-text-editor .elementor-drop-cap-letter{display:inline-block}<\/style>\t\t\t\t<p class=\" translation-block\">This website uses\u00a0<em>cookies<\/em>\u00a0to improve its service.<\/p>\t\t\t\t\t\t<\/div>\n\t\t\t\t<\/div>\n\t\t\t\t\t<\/div>\n\t\t<\/div>\n\t\t\t\t\t\t\t<\/div>\n\t\t<\/section>\n\t\t\t\t<section class=\"elementor-section elementor-top-section elementor-element elementor-element-e76b2ea elementor-section-boxed elementor-section-height-default elementor-section-height-default elementor-invisible\" data-id=\"e76b2ea\" data-element_type=\"section\" data-settings=\"{&quot;animation&quot;:&quot;fadeInUp&quot;}\">\n\t\t\t\t\t\t<div class=\"elementor-container elementor-column-gap-default\">\n\t\t\t\t\t<div class=\"elementor-column elementor-col-100 elementor-top-column elementor-element elementor-element-03c2892\" data-id=\"03c2892\" data-element_type=\"column\">\n\t\t\t<div class=\"elementor-widget-wrap elementor-element-populated\">\n\t\t\t\t\t\t\t\t<div class=\"elementor-element elementor-element-005d3e6 elementor-widget__width-inherit elementor-widget elementor-widget-heading\" data-id=\"005d3e6\" data-element_type=\"widget\" data-settings=\"{&quot;_animation&quot;:&quot;none&quot;}\" data-widget_type=\"heading.default\">\n\t\t\t\t<div class=\"elementor-widget-container\">\n\t\t\t<h3 class=\"elementor-heading-title elementor-size-default\">1 \u2013 WHAT ARE COOKIES?<\/h3>\t\t<\/div>\n\t\t\t\t<\/div>\n\t\t\t\t<div class=\"elementor-element elementor-element-4b89299 elementor-widget elementor-widget-text-editor\" data-id=\"4b89299\" data-element_type=\"widget\" data-widget_type=\"text-editor.default\">\n\t\t\t\t<div class=\"elementor-widget-container\">\n\t\t\t\t\t\t\t<p class=\" translation-block\">The\u00a0<em>cookies<\/em>\u00a0are small text files that a web<em>site<\/em>, when visited by the user, places on their computer or mobile device through the internet browser (browser). The placement of\u00a0<em>cookies<\/em>\u00a0will help the\u00a0<em>site<\/em>\u00a0to recognize your device the next time the user visits it.<\/p><p class=\" translation-block\">We use the term <em>cookies<\/em> in this policy to refer to all files that collect information in this way. Some cookies are essential to guarantee the functionalities provided, while others are intended to improve performance and user experience. You should not continue to access our\u00a0<em>website<\/em> after the warning about cookies, if you do not agree with their use.<\/p>\t\t\t\t\t\t<\/div>\n\t\t\t\t<\/div>\n\t\t\t\t\t<\/div>\n\t\t<\/div>\n\t\t\t\t\t\t\t<\/div>\n\t\t<\/section>\n\t\t\t\t<section class=\"elementor-section elementor-top-section elementor-element elementor-element-ca759e7 elementor-section-boxed elementor-section-height-default elementor-section-height-default elementor-invisible\" data-id=\"ca759e7\" data-element_type=\"section\" data-settings=\"{&quot;animation&quot;:&quot;fadeInUp&quot;}\">\n\t\t\t\t\t\t<div class=\"elementor-container elementor-column-gap-default\">\n\t\t\t\t\t<div class=\"elementor-column elementor-col-100 elementor-top-column elementor-element elementor-element-7bfc6a3\" data-id=\"7bfc6a3\" data-element_type=\"column\">\n\t\t\t<div class=\"elementor-widget-wrap elementor-element-populated\">\n\t\t\t\t\t\t\t\t<div class=\"elementor-element elementor-element-84a4526 elementor-widget__width-inherit elementor-widget elementor-widget-heading\" data-id=\"84a4526\" data-element_type=\"widget\" data-settings=\"{&quot;_animation&quot;:&quot;none&quot;}\" data-widget_type=\"heading.default\">\n\t\t\t\t<div class=\"elementor-widget-container\">\n\t\t\t<h3 class=\"elementor-heading-title elementor-size-default\">2 - ACCEPT<\/h3>\t\t<\/div>\n\t\t\t\t<\/div>\n\t\t\t\t<div class=\"elementor-element elementor-element-6b1bf72 elementor-widget elementor-widget-text-editor\" data-id=\"6b1bf72\" data-element_type=\"widget\" data-widget_type=\"text-editor.default\">\n\t\t\t\t<div class=\"elementor-widget-container\">\n\t\t\t\t\t\t\t<p class=\" translation-block\">You may at any time choose to accept or refuse the installation of <em>cookies<\/em> on your terminal by configuring the navigation software.<\/p>\n<p class=\" translation-block\"><b>2.1<\/b>\u00a0 If you accept cookies\u00a0<br>The registration of a cookie on your terminal depends on your will. At any time, you will be able to express and modify your choice free of charge through the options provided by your navigation software.<\/p>\n<p>If you have accepted the recording of cookies on your terminal in the browser software you are using, the cookies integrated into the pages and contents you have consulted may be temporarily stored in a specific space on your terminal. There, they will only be readable by the issuer.&nbsp;<\/p>\n<p class=\" translation-block\"><b>2.2<\/b>\u00a0 What is the point of accepting cookies? <br>When you visit the www.enaltemar.com website, these cookies will record certain information that is stored on your terminal. This information serves, in particular, to offer you products based on the items you have already selected during your previous visits, and thus allow you to benefit from better navigation on our Site.<\/p>\t\t\t\t\t\t<\/div>\n\t\t\t\t<\/div>\n\t\t\t\t\t<\/div>\n\t\t<\/div>\n\t\t\t\t\t\t\t<\/div>\n\t\t<\/section>\n\t\t\t\t<section class=\"elementor-section elementor-top-section elementor-element elementor-element-6a6fe83 elementor-section-boxed elementor-section-height-default elementor-section-height-default elementor-invisible\" data-id=\"6a6fe83\" data-element_type=\"section\" data-settings=\"{&quot;animation&quot;:&quot;fadeInUp&quot;}\">\n\t\t\t\t\t\t<div class=\"elementor-container elementor-column-gap-default\">\n\t\t\t\t\t<div class=\"elementor-column elementor-col-100 elementor-top-column elementor-element elementor-element-e70c6db\" data-id=\"e70c6db\" data-element_type=\"column\">\n\t\t\t<div class=\"elementor-widget-wrap elementor-element-populated\">\n\t\t\t\t\t\t\t\t<div class=\"elementor-element elementor-element-9a96442 elementor-widget__width-inherit elementor-widget elementor-widget-heading\" data-id=\"9a96442\" data-element_type=\"widget\" data-settings=\"{&quot;_animation&quot;:&quot;none&quot;}\" data-widget_type=\"heading.default\">\n\t\t\t\t<div class=\"elementor-widget-container\">\n\t\t\t<h3 class=\"elementor-heading-title elementor-size-default\">3 \u2013 REFUSE COOKIES<\/h3>\t\t<\/div>\n\t\t\t\t<\/div>\n\t\t\t\t<div class=\"elementor-element elementor-element-8a0a3fe elementor-widget elementor-widget-text-editor\" data-id=\"8a0a3fe\" data-element_type=\"widget\" data-widget_type=\"text-editor.default\">\n\t\t\t\t<div class=\"elementor-widget-container\">\n\t\t\t\t\t\t\t<p class=\" translation-block\"><b>3.1<\/b>\u00a0 \u00a0If you refuse cookies<em>\u00a0<\/em><br>When you refuse\u00a0<em>cookies,<\/em>\u00a0we install however a\u00a0<em>cookie<\/em>\u00a0of\u00a0<em>\u201crefusal\u201d <\/em>\u201c. This <em>cookie<\/em> allows us to remember your choice, so as to avoid asking you on each visit whether you wish to accept or refuse cookies.<\/p><p class=\" translation-block\"><b>3.2<\/b>\u00a0 Your browser configuration<br>The configuration of cookie management depends on each browser and is present in your browser's help menu.<br><br><br><\/p><div><div><div><div><div class=\" translation-block\"><b>In Internet Explorer<br><\/b>To customize settings relating to cookies for a web page<br>In Internet Explorer, click the Tools button and then Internet Options.<br>Click the Privacy tab and then Sites.<br>In the Web Site Address space, enter the full address (URL) of the web page whose privacy settings you want to customize. <br>For example, http:\/\/www.microsoft.com.<br>To allow the registration of cookies from the specified web page on your computer, click Allow. To prohibit the registration of cookies from the specified web page on your computer, click Block.<br>Repeat steps 3 and 4 for each web page you want to block or allow. When finished, click OK twice.<\/div><\/div><\/div><\/div><\/div><div>\u00a0<\/div><div><div><div><div><div class=\" translation-block\"><b>In Safari<br><\/b>Go to Preferences, click on the Privacy panel and then Manage Cookies.<\/div><\/div><\/div><\/div><\/div><div>\u00a0<\/div><div><div><div><div><div class=\" translation-block\"><b>In Chrome<br><\/b>Click on the Chrome menu located in the browser toolbar.<br>Select Settings.<br>Click on Show advanced settings.<br>In the \u201cPrivacy\u201d section , click on the Content settings button.<br>In the \u201cCookies\u201d section you can modify the following settings:<br>Delete cookies\u00a0<br>Block cookies by default\u00a0<br>Allow cookies by default<br>Create exceptions for website cookies or specific domains.<\/div><\/div><\/div><\/div><\/div><div>\u00a0<\/div><div><div><div><div><div class=\" translation-block\"><b>In Firefox<br><\/b>Click the Tools button and then Options.<br>Click the Privacy tab.<br>In History, select \u201cUse custom settings for history.\u201d.<br>Check the \u201caccept cookies\u201d box and click on exceptions to choose the websites that will or will not have permission to install cookies on your terminal.<\/div><\/div><\/div><\/div><\/div><div>\u00a0<\/div><div><div><div><div><div class=\" translation-block\"><b>In Opera<br><\/b>Preferences &gt; Advanced&gt; Cookies\u00a0<br>Cookie preferences allow you to control how Opera manages cookies. The default setting is to accept all cookies.<br>Accept cookies\u00a0<br>\u2013 All cookies are accepted (by default)<br>Accept cookies only from the site I visit\u00a0<br>\u2013 Third party cookies, from a domain outside the one you are visiting, will be refused<br>Never accept cookies\u00a0<br>\u2013 All cookies will be refused<\/div><\/div><\/div><\/div><\/div>\t\t\t\t\t\t<\/div>\n\t\t\t\t<\/div>\n\t\t\t\t\t<\/div>\n\t\t<\/div>\n\t\t\t\t\t\t\t<\/div>\n\t\t<\/section>\n\t\t\t\t<section class=\"elementor-section elementor-top-section elementor-element elementor-element-f919287 elementor-section-boxed elementor-section-height-default elementor-section-height-default elementor-invisible\" data-id=\"f919287\" data-element_type=\"section\" data-settings=\"{&quot;animation&quot;:&quot;fadeInUp&quot;}\">\n\t\t\t\t\t\t<div class=\"elementor-container elementor-column-gap-default\">\n\t\t\t\t\t<div class=\"elementor-column elementor-col-100 elementor-top-column elementor-element elementor-element-7ba3bd1\" data-id=\"7ba3bd1\" data-element_type=\"column\">\n\t\t\t<div class=\"elementor-widget-wrap elementor-element-populated\">\n\t\t\t\t\t\t\t\t<div class=\"elementor-element elementor-element-b49f0e6 elementor-widget__width-inherit elementor-widget elementor-widget-heading\" data-id=\"b49f0e6\" data-element_type=\"widget\" data-settings=\"{&quot;_animation&quot;:&quot;none&quot;}\" data-widget_type=\"heading.default\">\n\t\t\t\t<div class=\"elementor-widget-container\">\n\t\t\t<h3 class=\"elementor-heading-title elementor-size-default\">4 - LEGAL NOTICE UPDATE<\/h3>\t\t<\/div>\n\t\t\t\t<\/div>\n\t\t\t\t<div class=\"elementor-element elementor-element-fc32d26 elementor-widget elementor-widget-text-editor\" data-id=\"fc32d26\" data-element_type=\"widget\" data-widget_type=\"text-editor.default\">\n\t\t\t\t<div class=\"elementor-widget-container\">\n\t\t\t\t\t\t\t<p>Enaltemar reserves the right to make any changes or corrections to this cookie notification. Please check this page regularly to review the information and check for updates.<\/p>\t\t\t\t\t\t<\/div>\n\t\t\t\t<\/div>\n\t\t\t\t<div class=\"elementor-element elementor-element-34d88bf elementor-widget elementor-widget-text-editor\" data-id=\"34d88bf\" data-element_type=\"widget\" data-widget_type=\"text-editor.default\">\n\t\t\t\t<div class=\"elementor-widget-container translation-block\">This notice was last updated on<strong> December 06, 2022<\/strong><\/div>\n\t\t\t\t<\/div>\n\t\t\t\t\t<\/div>\n\t\t<\/div>\n\t\t\t\t\t\t\t<\/div>\n\t\t<\/section>\n\t\t\t\t\t\t\t<\/div>","protected":false},"excerpt":{"rendered":"<p>Pol\u00edtica de Cookies Este website utiliza\u00a0cookies\u00a0para melhorar o seu servi\u00e7o. 1 \u2013 O QUE S\u00c3O COOKIES? Os\u00a0cookies\u00a0s\u00e3o pequenos ficheiros de texto que um\u00a0website, ao ser visitado pelo utilizador, coloca no seu computador ou no seu dispositivo m\u00f3vel atrav\u00e9s do navegador de internet (browser). A coloca\u00e7\u00e3o de\u00a0cookies\u00a0ajudar\u00e1 o\u00a0site\u00a0a reconhecer o seu dispositivo na pr\u00f3xima vez que [&hellip;]<\/p>","protected":false},"author":1,"featured_media":0,"parent":0,"menu_order":8,"comment_status":"closed","ping_status":"closed","template":"elementor_canvas","meta":{"footnotes":""},"class_list":["post-1153","page","type-page","status-publish","hentry"],"yoast_head":"<!-- This site is optimized with the Yoast SEO plugin v20.12 - https:\/\/yoast.com\/wordpress\/plugins\/seo\/ -->\n<title>POL\u00cdTICA DE COOKIES - ENALTEMAR | Ponta Delgada - S\u00e3o Miguel - A\u00e7ores<\/title>\n<meta name=\"robots\" content=\"index, follow, max-snippet:-1, max-image-preview:large, max-video-preview:-1\" \/>\n<link rel=\"canonical\" href=\"https:\/\/enaltemar.com\/en\/cookiespolicy\/\" \/>\n<meta property=\"og:locale\" content=\"en_GB\" \/>\n<meta property=\"og:type\" content=\"article\" \/>\n<meta property=\"og:title\" content=\"POL\u00cdTICA DE COOKIES - ENALTEMAR | Ponta Delgada - S\u00e3o Miguel - A\u00e7ores\" \/>\n<meta property=\"og:description\" content=\"Pol\u00edtica de Cookies Este website utiliza\u00a0cookies\u00a0para melhorar o seu servi\u00e7o. 1 \u2013 O QUE S\u00c3O COOKIES? Os\u00a0cookies\u00a0s\u00e3o pequenos ficheiros de texto que um\u00a0website, ao ser visitado pelo utilizador, coloca no seu computador ou no seu dispositivo m\u00f3vel atrav\u00e9s do navegador de internet (browser). A coloca\u00e7\u00e3o de\u00a0cookies\u00a0ajudar\u00e1 o\u00a0site\u00a0a reconhecer o seu dispositivo na pr\u00f3xima vez que [&hellip;]\" \/>\n<meta property=\"og:url\" content=\"https:\/\/enaltemar.com\/en\/cookiespolicy\/\" \/>\n<meta property=\"og:site_name\" content=\"ENALTEMAR | Ponta Delgada - S\u00e3o Miguel - A\u00e7ores\" \/>\n<meta property=\"article:publisher\" content=\"https:\/\/www.facebook.com\/Enaltemar\" \/>\n<meta property=\"article:modified_time\" content=\"2022-12-06T05:58:10+00:00\" \/>\n<meta name=\"twitter:card\" content=\"summary_large_image\" \/>\n<meta name=\"twitter:label1\" content=\"Estimated reading time\" \/>\n\t<meta name=\"twitter:data1\" content=\"4 minutes\" \/>\n<script type=\"application\/ld+json\" class=\"yoast-schema-graph\">{\"@context\":\"https:\/\/schema.org\",\"@graph\":[{\"@type\":\"WebPage\",\"@id\":\"https:\/\/enaltemar.com\/cookiespolicy\/\",\"url\":\"https:\/\/enaltemar.com\/cookiespolicy\/\",\"name\":\"POL\u00cdTICA DE COOKIES - ENALTEMAR | Ponta Delgada - S\u00e3o Miguel - A\u00e7ores\",\"isPartOf\":{\"@id\":\"https:\/\/enaltemar.com\/#website\"},\"datePublished\":\"2022-12-06T04:50:07+00:00\",\"dateModified\":\"2022-12-06T05:58:10+00:00\",\"breadcrumb\":{\"@id\":\"https:\/\/enaltemar.com\/cookiespolicy\/#breadcrumb\"},\"inLanguage\":\"en-GB\",\"potentialAction\":[{\"@type\":\"ReadAction\",\"target\":[\"https:\/\/enaltemar.com\/cookiespolicy\/\"]}]},{\"@type\":\"BreadcrumbList\",\"@id\":\"https:\/\/enaltemar.com\/cookiespolicy\/#breadcrumb\",\"itemListElement\":[{\"@type\":\"ListItem\",\"position\":1,\"name\":\"In\u00edcio\",\"item\":\"https:\/\/enaltemar.com\/\"},{\"@type\":\"ListItem\",\"position\":2,\"name\":\"POL\u00cdTICA DE COOKIES\"}]},{\"@type\":\"WebSite\",\"@id\":\"https:\/\/enaltemar.com\/#website\",\"url\":\"https:\/\/enaltemar.com\/\",\"name\":\"ENALTEMAR | Ponta Delgada - S\u00e3o Miguel - A\u00e7ores\",\"description\":\"Com\u00e9rcio a retalho de vestu\u00e1rio para adultos, em Ponta Delgada.\",\"publisher\":{\"@id\":\"https:\/\/enaltemar.com\/#organization\"},\"potentialAction\":[{\"@type\":\"SearchAction\",\"target\":{\"@type\":\"EntryPoint\",\"urlTemplate\":\"https:\/\/enaltemar.com\/?s={search_term_string}\"},\"query-input\":\"required name=search_term_string\"}],\"inLanguage\":\"en-GB\"},{\"@type\":\"Organization\",\"@id\":\"https:\/\/enaltemar.com\/#organization\",\"name\":\"ENALTEMAR | Ponta Delgada - S\u00e3o Miguel - A\u00e7ores\",\"url\":\"https:\/\/enaltemar.com\/\",\"logo\":{\"@type\":\"ImageObject\",\"inLanguage\":\"en-GB\",\"@id\":\"https:\/\/enaltemar.com\/#\/schema\/logo\/image\/\",\"url\":\"https:\/\/enaltemar.com\/wp-content\/uploads\/2022\/07\/logotipo_enaltemar.png\",\"contentUrl\":\"https:\/\/enaltemar.com\/wp-content\/uploads\/2022\/07\/logotipo_enaltemar.png\",\"width\":842,\"height\":595,\"caption\":\"ENALTEMAR | Ponta Delgada - S\u00e3o Miguel - A\u00e7ores\"},\"image\":{\"@id\":\"https:\/\/enaltemar.com\/#\/schema\/logo\/image\/\"},\"sameAs\":[\"https:\/\/www.facebook.com\/Enaltemar\",\"https:\/\/www.instagram.com\/enaltemar\"]}]}<\/script>\n<!-- \/ Yoast SEO plugin. -->","yoast_head_json":{"title":"POL\u00cdTICA DE COOKIES - ENALTEMAR | Ponta Delgada - S\u00e3o Miguel - A\u00e7ores","robots":{"index":"index","follow":"follow","max-snippet":"max-snippet:-1","max-image-preview":"max-image-preview:large","max-video-preview":"max-video-preview:-1"},"canonical":"https:\/\/enaltemar.com\/en\/cookiespolicy\/","og_locale":"en_GB","og_type":"article","og_title":"POL\u00cdTICA DE COOKIES - ENALTEMAR | Ponta Delgada - S\u00e3o Miguel - A\u00e7ores","og_description":"Pol\u00edtica de Cookies Este website utiliza\u00a0cookies\u00a0para melhorar o seu servi\u00e7o. 1 \u2013 O QUE S\u00c3O COOKIES? Os\u00a0cookies\u00a0s\u00e3o pequenos ficheiros de texto que um\u00a0website, ao ser visitado pelo utilizador, coloca no seu computador ou no seu dispositivo m\u00f3vel atrav\u00e9s do navegador de internet (browser). A coloca\u00e7\u00e3o de\u00a0cookies\u00a0ajudar\u00e1 o\u00a0site\u00a0a reconhecer o seu dispositivo na pr\u00f3xima vez que [&hellip;]","og_url":"https:\/\/enaltemar.com\/en\/cookiespolicy\/","og_site_name":"ENALTEMAR | Ponta Delgada - S\u00e3o Miguel - A\u00e7ores","article_publisher":"https:\/\/www.facebook.com\/Enaltemar","article_modified_time":"2022-12-06T05:58:10+00:00","twitter_card":"summary_large_image","twitter_misc":{"Estimated reading time":"4 minutes"},"schema":{"@context":"https:\/\/schema.org","@graph":[{"@type":"WebPage","@id":"https:\/\/enaltemar.com\/cookiespolicy\/","url":"https:\/\/enaltemar.com\/cookiespolicy\/","name":"POL\u00cdTICA DE COOKIES - ENALTEMAR | Ponta Delgada - S\u00e3o Miguel - A\u00e7ores","isPartOf":{"@id":"https:\/\/enaltemar.com\/#website"},"datePublished":"2022-12-06T04:50:07+00:00","dateModified":"2022-12-06T05:58:10+00:00","breadcrumb":{"@id":"https:\/\/enaltemar.com\/cookiespolicy\/#breadcrumb"},"inLanguage":"en-GB","potentialAction":[{"@type":"ReadAction","target":["https:\/\/enaltemar.com\/cookiespolicy\/"]}]},{"@type":"BreadcrumbList","@id":"https:\/\/enaltemar.com\/cookiespolicy\/#breadcrumb","itemListElement":[{"@type":"ListItem","position":1,"name":"In\u00edcio","item":"https:\/\/enaltemar.com\/"},{"@type":"ListItem","position":2,"name":"POL\u00cdTICA DE COOKIES"}]},{"@type":"WebSite","@id":"https:\/\/enaltemar.com\/#website","url":"https:\/\/enaltemar.com\/","name":"ENALTEMAR | Ponta Delgada - S\u00e3o Miguel - A\u00e7ores","description":"Com\u00e9rcio a retalho de vestu\u00e1rio para adultos, em Ponta Delgada.","publisher":{"@id":"https:\/\/enaltemar.com\/#organization"},"potentialAction":[{"@type":"SearchAction","target":{"@type":"EntryPoint","urlTemplate":"https:\/\/enaltemar.com\/?s={search_term_string}"},"query-input":"required name=search_term_string"}],"inLanguage":"en-GB"},{"@type":"Organization","@id":"https:\/\/enaltemar.com\/#organization","name":"ENALTEMAR | Ponta Delgada - S\u00e3o Miguel - A\u00e7ores","url":"https:\/\/enaltemar.com\/","logo":{"@type":"ImageObject","inLanguage":"en-GB","@id":"https:\/\/enaltemar.com\/#\/schema\/logo\/image\/","url":"https:\/\/enaltemar.com\/wp-content\/uploads\/2022\/07\/logotipo_enaltemar.png","contentUrl":"https:\/\/enaltemar.com\/wp-content\/uploads\/2022\/07\/logotipo_enaltemar.png","width":842,"height":595,"caption":"ENALTEMAR | Ponta Delgada - S\u00e3o Miguel - A\u00e7ores"},"image":{"@id":"https:\/\/enaltemar.com\/#\/schema\/logo\/image\/"},"sameAs":["https:\/\/www.facebook.com\/Enaltemar","https:\/\/www.instagram.com\/enaltemar"]}]}},"_links":{"self":[{"href":"https:\/\/enaltemar.com\/en\/wp-json\/wp\/v2\/pages\/1153","targetHints":{"allow":["GET"]}}],"collection":[{"href":"https:\/\/enaltemar.com\/en\/wp-json\/wp\/v2\/pages"}],"about":[{"href":"https:\/\/enaltemar.com\/en\/wp-json\/wp\/v2\/types\/page"}],"author":[{"embeddable":true,"href":"https:\/\/enaltemar.com\/en\/wp-json\/wp\/v2\/users\/1"}],"replies":[{"embeddable":true,"href":"https:\/\/enaltemar.com\/en\/wp-json\/wp\/v2\/comments?post=1153"}],"version-history":[{"count":38,"href":"https:\/\/enaltemar.com\/en\/wp-json\/wp\/v2\/pages\/1153\/revisions"}],"predecessor-version":[{"id":1202,"href":"https:\/\/enaltemar.com\/en\/wp-json\/wp\/v2\/pages\/1153\/revisions\/1202"}],"wp:attachment":[{"href":"https:\/\/enaltemar.com\/en\/wp-json\/wp\/v2\/media?parent=1153"}],"curies":[{"name":"wp","href":"https:\/\/api.w.org\/{rel}","templated":true}]}}